{"id":3784,"date":"2019-07-11T12:55:22","date_gmt":"2019-07-11T12:55:22","guid":{"rendered":"https:\/\/artecuba.ch\/?post_type=product&#038;p=3784"},"modified":"2019-10-28T10:30:49","modified_gmt":"2019-10-28T10:30:49","slug":"lost-in-translation","status":"publish","type":"product","link":"https:\/\/artecuba.ch\/es\/produkt\/lost-in-translation\/","title":{"rendered":"Dibujos, de la serie \"Lost in translation\", 2019"},"content":{"rendered":"<figure id=\"attachment_3306\" aria-describedby=\"caption-attachment-3306\" style=\"width: 1014px\" class=\"wp-caption aligncenter\"><img loading=\"lazy\" decoding=\"async\" class=\"wp-image-3306 size-large\" src=\"https:\/\/artecuba.ch\/wp-content\/uploads\/2019\/06\/@190110.Zardoyas-1024x709.jpg\" alt=\"\" width=\"1024\" height=\"709\" srcset=\"https:\/\/artecuba.ch\/wp-content\/uploads\/2019\/06\/@190110.Zardoyas-1024x709.jpg 1024w, https:\/\/artecuba.ch\/wp-content\/uploads\/2019\/06\/@190110.Zardoyas-300x208.jpg 300w, https:\/\/artecuba.ch\/wp-content\/uploads\/2019\/06\/@190110.Zardoyas-768x532.jpg 768w, https:\/\/artecuba.ch\/wp-content\/uploads\/2019\/06\/@190110.Zardoyas-600x416.jpg 600w, https:\/\/artecuba.ch\/wp-content\/uploads\/2019\/06\/@190110.Zardoyas.jpg 1025w\" sizes=\"auto, (max-width: 1024px) 100vw, 1024px\" \/><figcaption id=\"caption-attachment-3306\" class=\"wp-caption-text\">190110.Zardoyas<\/figcaption><\/figure>\n<figure id=\"attachment_3305\" aria-describedby=\"caption-attachment-3305\" style=\"width: 693px\" class=\"wp-caption aligncenter\"><img loading=\"lazy\" decoding=\"async\" class=\"wp-image-3305 size-large\" src=\"https:\/\/artecuba.ch\/wp-content\/uploads\/2019\/06\/@190109.Zardoyas-703x1024.jpg\" alt=\"\" width=\"703\" height=\"1024\" srcset=\"https:\/\/artecuba.ch\/wp-content\/uploads\/2019\/06\/@190109.Zardoyas-703x1024.jpg 703w, https:\/\/artecuba.ch\/wp-content\/uploads\/2019\/06\/@190109.Zardoyas-206x300.jpg 206w, https:\/\/artecuba.ch\/wp-content\/uploads\/2019\/06\/@190109.Zardoyas-768x1119.jpg 768w, https:\/\/artecuba.ch\/wp-content\/uploads\/2019\/06\/@190109.Zardoyas-600x874.jpg 600w, https:\/\/artecuba.ch\/wp-content\/uploads\/2019\/06\/@190109.Zardoyas.jpg 1025w\" sizes=\"auto, (max-width: 703px) 100vw, 703px\" \/><figcaption id=\"caption-attachment-3305\" class=\"wp-caption-text\">190109.Zardoyas<\/figcaption><\/figure>\n<figure id=\"attachment_3304\" aria-describedby=\"caption-attachment-3304\" style=\"width: 697px\" class=\"wp-caption aligncenter\"><img loading=\"lazy\" decoding=\"async\" class=\"wp-image-3304 size-large\" src=\"https:\/\/artecuba.ch\/wp-content\/uploads\/2019\/06\/@190108.Zardoyas-707x1024.jpg\" alt=\"\" width=\"707\" height=\"1024\" srcset=\"https:\/\/artecuba.ch\/wp-content\/uploads\/2019\/06\/@190108.Zardoyas-707x1024.jpg 707w, https:\/\/artecuba.ch\/wp-content\/uploads\/2019\/06\/@190108.Zardoyas-207x300.jpg 207w, https:\/\/artecuba.ch\/wp-content\/uploads\/2019\/06\/@190108.Zardoyas-768x1112.jpg 768w, https:\/\/artecuba.ch\/wp-content\/uploads\/2019\/06\/@190108.Zardoyas-600x869.jpg 600w, https:\/\/artecuba.ch\/wp-content\/uploads\/2019\/06\/@190108.Zardoyas.jpg 1025w\" sizes=\"auto, (max-width: 707px) 100vw, 707px\" \/><figcaption id=\"caption-attachment-3304\" class=\"wp-caption-text\">190108.Zardoyas<\/figcaption><\/figure>\n<figure id=\"attachment_3303\" aria-describedby=\"caption-attachment-3303\" style=\"width: 1014px\" class=\"wp-caption aligncenter\"><img loading=\"lazy\" decoding=\"async\" class=\"wp-image-3303 size-large\" src=\"https:\/\/artecuba.ch\/wp-content\/uploads\/2019\/06\/@190107.Zardoyas-1024x715.jpg\" alt=\"\" width=\"1024\" height=\"715\" srcset=\"https:\/\/artecuba.ch\/wp-content\/uploads\/2019\/06\/@190107.Zardoyas-1024x715.jpg 1024w, https:\/\/artecuba.ch\/wp-content\/uploads\/2019\/06\/@190107.Zardoyas-300x210.jpg 300w, https:\/\/artecuba.ch\/wp-content\/uploads\/2019\/06\/@190107.Zardoyas-768x536.jpg 768w, https:\/\/artecuba.ch\/wp-content\/uploads\/2019\/06\/@190107.Zardoyas-600x419.jpg 600w, https:\/\/artecuba.ch\/wp-content\/uploads\/2019\/06\/@190107.Zardoyas.jpg 1025w\" sizes=\"auto, (max-width: 1024px) 100vw, 1024px\" \/><figcaption id=\"caption-attachment-3303\" class=\"wp-caption-text\">190107.Zardoyas<\/figcaption><\/figure>\n<figure id=\"attachment_3302\" aria-describedby=\"caption-attachment-3302\" style=\"width: 1014px\" class=\"wp-caption aligncenter\"><img loading=\"lazy\" decoding=\"async\" class=\"wp-image-3302 size-large\" src=\"https:\/\/artecuba.ch\/wp-content\/uploads\/2019\/06\/@190106.Zardoyas-1024x706.jpg\" alt=\"\" width=\"1024\" height=\"706\" srcset=\"https:\/\/artecuba.ch\/wp-content\/uploads\/2019\/06\/@190106.Zardoyas-1024x706.jpg 1024w, https:\/\/artecuba.ch\/wp-content\/uploads\/2019\/06\/@190106.Zardoyas-300x207.jpg 300w, https:\/\/artecuba.ch\/wp-content\/uploads\/2019\/06\/@190106.Zardoyas-768x530.jpg 768w, https:\/\/artecuba.ch\/wp-content\/uploads\/2019\/06\/@190106.Zardoyas-600x414.jpg 600w, https:\/\/artecuba.ch\/wp-content\/uploads\/2019\/06\/@190106.Zardoyas.jpg 1025w\" sizes=\"auto, (max-width: 1024px) 100vw, 1024px\" \/><figcaption id=\"caption-attachment-3302\" class=\"wp-caption-text\">190106.Zardoyas<\/figcaption><\/figure>\n<figure id=\"attachment_3301\" aria-describedby=\"caption-attachment-3301\" style=\"width: 1014px\" class=\"wp-caption aligncenter\"><img loading=\"lazy\" decoding=\"async\" class=\"wp-image-3301 size-large\" src=\"https:\/\/artecuba.ch\/wp-content\/uploads\/2019\/06\/@190105.Zardoyas-1024x762.jpg\" alt=\"\" width=\"1024\" height=\"762\" srcset=\"https:\/\/artecuba.ch\/wp-content\/uploads\/2019\/06\/@190105.Zardoyas-1024x762.jpg 1024w, https:\/\/artecuba.ch\/wp-content\/uploads\/2019\/06\/@190105.Zardoyas-300x223.jpg 300w, https:\/\/artecuba.ch\/wp-content\/uploads\/2019\/06\/@190105.Zardoyas-768x572.jpg 768w, https:\/\/artecuba.ch\/wp-content\/uploads\/2019\/06\/@190105.Zardoyas-600x447.jpg 600w, https:\/\/artecuba.ch\/wp-content\/uploads\/2019\/06\/@190105.Zardoyas.jpg 1025w\" sizes=\"auto, (max-width: 1024px) 100vw, 1024px\" \/><figcaption id=\"caption-attachment-3301\" class=\"wp-caption-text\">190105.Zardoyas<\/figcaption><\/figure>\n<figure id=\"attachment_3300\" aria-describedby=\"caption-attachment-3300\" style=\"width: 1014px\" class=\"wp-caption aligncenter\"><img loading=\"lazy\" decoding=\"async\" class=\"wp-image-3300 size-large\" src=\"https:\/\/artecuba.ch\/wp-content\/uploads\/2019\/06\/@190104.Zardoyas-1024x704.jpg\" alt=\"\" width=\"1024\" height=\"704\" srcset=\"https:\/\/artecuba.ch\/wp-content\/uploads\/2019\/06\/@190104.Zardoyas-1024x704.jpg 1024w, https:\/\/artecuba.ch\/wp-content\/uploads\/2019\/06\/@190104.Zardoyas-300x206.jpg 300w, https:\/\/artecuba.ch\/wp-content\/uploads\/2019\/06\/@190104.Zardoyas-768x528.jpg 768w, https:\/\/artecuba.ch\/wp-content\/uploads\/2019\/06\/@190104.Zardoyas-600x413.jpg 600w, https:\/\/artecuba.ch\/wp-content\/uploads\/2019\/06\/@190104.Zardoyas.jpg 1025w\" sizes=\"auto, (max-width: 1024px) 100vw, 1024px\" \/><figcaption id=\"caption-attachment-3300\" class=\"wp-caption-text\">190104.Zardoyas<\/figcaption><\/figure>\n<figure id=\"attachment_3299\" aria-describedby=\"caption-attachment-3299\" style=\"width: 1014px\" class=\"wp-caption aligncenter\"><img loading=\"lazy\" decoding=\"async\" class=\"wp-image-3299 size-large\" src=\"https:\/\/artecuba.ch\/wp-content\/uploads\/2019\/06\/@190103.Zardoyas-1024x703.jpg\" alt=\"\" width=\"1024\" height=\"703\" srcset=\"https:\/\/artecuba.ch\/wp-content\/uploads\/2019\/06\/@190103.Zardoyas-1024x703.jpg 1024w, https:\/\/artecuba.ch\/wp-content\/uploads\/2019\/06\/@190103.Zardoyas-300x206.jpg 300w, https:\/\/artecuba.ch\/wp-content\/uploads\/2019\/06\/@190103.Zardoyas-768x527.jpg 768w, https:\/\/artecuba.ch\/wp-content\/uploads\/2019\/06\/@190103.Zardoyas-600x412.jpg 600w, https:\/\/artecuba.ch\/wp-content\/uploads\/2019\/06\/@190103.Zardoyas.jpg 1025w\" sizes=\"auto, (max-width: 1024px) 100vw, 1024px\" \/><figcaption id=\"caption-attachment-3299\" class=\"wp-caption-text\">190103.Zardoyas<\/figcaption><\/figure>\n<figure id=\"attachment_3298\" aria-describedby=\"caption-attachment-3298\" style=\"width: 1014px\" class=\"wp-caption aligncenter\"><img loading=\"lazy\" decoding=\"async\" class=\"wp-image-3298 size-large\" src=\"https:\/\/artecuba.ch\/wp-content\/uploads\/2019\/06\/@190102.Zardoyas-1024x698.jpg\" alt=\"\" width=\"1024\" height=\"698\" srcset=\"https:\/\/artecuba.ch\/wp-content\/uploads\/2019\/06\/@190102.Zardoyas-1024x698.jpg 1024w, https:\/\/artecuba.ch\/wp-content\/uploads\/2019\/06\/@190102.Zardoyas-300x205.jpg 300w, https:\/\/artecuba.ch\/wp-content\/uploads\/2019\/06\/@190102.Zardoyas-768x524.jpg 768w, https:\/\/artecuba.ch\/wp-content\/uploads\/2019\/06\/@190102.Zardoyas-600x409.jpg 600w, https:\/\/artecuba.ch\/wp-content\/uploads\/2019\/06\/@190102.Zardoyas.jpg 1025w\" sizes=\"auto, (max-width: 1024px) 100vw, 1024px\" \/><figcaption id=\"caption-attachment-3298\" class=\"wp-caption-text\">190102.Zardoyas<\/figcaption><\/figure>\n<figure id=\"attachment_3297\" aria-describedby=\"caption-attachment-3297\" style=\"width: 1014px\" class=\"wp-caption aligncenter\"><img loading=\"lazy\" decoding=\"async\" class=\"wp-image-3297 size-large\" src=\"https:\/\/artecuba.ch\/wp-content\/uploads\/2019\/06\/@190101.Zardoyas-1024x704.jpg\" alt=\"\" width=\"1024\" height=\"704\" srcset=\"https:\/\/artecuba.ch\/wp-content\/uploads\/2019\/06\/@190101.Zardoyas-1024x704.jpg 1024w, https:\/\/artecuba.ch\/wp-content\/uploads\/2019\/06\/@190101.Zardoyas-300x206.jpg 300w, https:\/\/artecuba.ch\/wp-content\/uploads\/2019\/06\/@190101.Zardoyas-768x528.jpg 768w, https:\/\/artecuba.ch\/wp-content\/uploads\/2019\/06\/@190101.Zardoyas-600x413.jpg 600w, https:\/\/artecuba.ch\/wp-content\/uploads\/2019\/06\/@190101.Zardoyas.jpg 1025w\" sizes=\"auto, (max-width: 1024px) 100vw, 1024px\" \/><figcaption id=\"caption-attachment-3297\" class=\"wp-caption-text\">190101.Zardoyas<\/figcaption><\/figure>","protected":false},"excerpt":{"rendered":"<div class=\"fl-module fl-module-rich-text fl-node-5a4e3795f2c93\" data-node=\"5a4e3795f2c93\">\n<div class=\"fl-module-content fl-node-content\">\n<div class=\"fl-rich-text\">\n<div class=\"fl-module fl-module-rich-text fl-node-5a4e3795f390b\" data-node=\"5a4e3795f390b\" data-parent=\"5a4e3795f30cc\" data-type=\"rich-text\" data-name=\"Texteditor\">\n<div class=\"fl-module-content fl-node-content\">\n<div class=\"fl-rich-text\">\n<div class=\"fl-module fl-module-rich-text fl-node-5a4e3795f338a\" data-node=\"5a4e3795f338a\" data-parent=\"5a4e3795f30cc\" data-type=\"rich-text\" data-name=\"Texteditor\">\n<div class=\"fl-module-content fl-node-content\">\n<div class=\"fl-rich-text\">\n<p><b>Zardoyas<br \/>\n<\/b><i>Sin titulo, de la serie \"Lost in translation\",\u00a0<\/i>2019<br \/>\nReproducci\u00f3n firmada a mano en papel brillante<br \/>\n33 x 48 o 48 x 33 cm<\/p>\n<p>Al hacer el pedido, indique (en el formulario de pedido de la tienda) el n\u00famero o los n\u00fameros de la imagen, por ejemplo, 190105 (v\u00e9ase m\u00e1s abajo en la descripci\u00f3n). Precio por foto. Adem\u00e1s hay un costo de env\u00edo \u00fanico.<\/p>\n<\/div>\n<\/div>\n<\/div>\n<\/div>\n<\/div>\n<\/div>\n<\/div>\n<\/div>\n<\/div>","protected":false},"featured_media":3299,"template":"","meta":{"generate_page_header":""},"product_brand":[],"product_cat":[54,90,22,50,71,41],"product_tag":[],"class_list":{"0":"post-3784","1":"product","2":"type-product","3":"status-publish","4":"has-post-thumbnail","6":"product_cat-arte-cuba","7":"product_cat-humor-satire","8":"product_cat-kuenstler","9":"product_cat-sammlungen","10":"product_cat-stilrichtung","11":"product_cat-zardoyas","12":"product_shipping_class-versand-bilder-bis-39-cm","14":"first","15":"instock","16":"sold-individually","17":"shipping-taxable","18":"purchasable","19":"product-type-simple"},"_links":{"self":[{"href":"https:\/\/artecuba.ch\/es\/wp-json\/wp\/v2\/product\/3784","targetHints":{"allow":["GET"]}}],"collection":[{"href":"https:\/\/artecuba.ch\/es\/wp-json\/wp\/v2\/product"}],"about":[{"href":"https:\/\/artecuba.ch\/es\/wp-json\/wp\/v2\/types\/product"}],"wp:featuredmedia":[{"embeddable":true,"href":"https:\/\/artecuba.ch\/es\/wp-json\/wp\/v2\/media\/3299"}],"wp:attachment":[{"href":"https:\/\/artecuba.ch\/es\/wp-json\/wp\/v2\/media?parent=3784"}],"wp:term":[{"taxonomy":"product_brand","embeddable":true,"href":"https:\/\/artecuba.ch\/es\/wp-json\/wp\/v2\/product_brand?post=3784"},{"taxonomy":"product_cat","embeddable":true,"href":"https:\/\/artecuba.ch\/es\/wp-json\/wp\/v2\/product_cat?post=3784"},{"taxonomy":"product_tag","embeddable":true,"href":"https:\/\/artecuba.ch\/es\/wp-json\/wp\/v2\/product_tag?post=3784"}],"curies":[{"name":"wp","href":"https:\/\/api.w.org\/{rel}","templated":true}]}}