{"id":3779,"date":"2019-07-11T11:36:56","date_gmt":"2019-07-11T11:36:56","guid":{"rendered":"https:\/\/artecuba.ch\/?post_type=product&#038;p=3779"},"modified":"2019-10-28T10:27:00","modified_gmt":"2019-10-28T10:27:00","slug":"americanos-en-la-habana","status":"publish","type":"product","link":"https:\/\/artecuba.ch\/es\/produkt\/americanos-en-la-habana\/","title":{"rendered":"Fotograf\u00edas de la serie \"Americanos en La Habana\""},"content":{"rendered":"<figure id=\"attachment_2981\" aria-describedby=\"caption-attachment-2981\" style=\"width: 290px\" class=\"wp-caption alignleft\"><img loading=\"lazy\" decoding=\"async\" class=\"wp-image-2981 size-medium\" src=\"https:\/\/artecuba.ch\/wp-content\/uploads\/2019\/06\/@181032.diosdado-300x220.jpg\" alt=\"\" width=\"300\" height=\"220\" srcset=\"https:\/\/artecuba.ch\/wp-content\/uploads\/2019\/06\/@181032.diosdado-300x220.jpg 300w, https:\/\/artecuba.ch\/wp-content\/uploads\/2019\/06\/@181032.diosdado-768x563.jpg 768w, https:\/\/artecuba.ch\/wp-content\/uploads\/2019\/06\/@181032.diosdado-1024x751.jpg 1024w, https:\/\/artecuba.ch\/wp-content\/uploads\/2019\/06\/@181032.diosdado-600x440.jpg 600w, https:\/\/artecuba.ch\/wp-content\/uploads\/2019\/06\/@181032.diosdado.jpg 1025w\" sizes=\"auto, (max-width: 300px) 100vw, 300px\" \/><figcaption id=\"caption-attachment-2981\" class=\"wp-caption-text\">181032.Diosdado<\/figcaption><\/figure>\n<figure id=\"attachment_3280\" aria-describedby=\"caption-attachment-3280\" style=\"width: 290px\" class=\"wp-caption alignleft\"><img loading=\"lazy\" decoding=\"async\" class=\"wp-image-3280 size-medium\" src=\"https:\/\/artecuba.ch\/wp-content\/uploads\/2019\/06\/@181033.diosdado-300x226.jpg\" alt=\"\" width=\"300\" height=\"226\" srcset=\"https:\/\/artecuba.ch\/wp-content\/uploads\/2019\/06\/@181033.diosdado-300x226.jpg 300w, https:\/\/artecuba.ch\/wp-content\/uploads\/2019\/06\/@181033.diosdado-768x578.jpg 768w, https:\/\/artecuba.ch\/wp-content\/uploads\/2019\/06\/@181033.diosdado-1024x771.jpg 1024w, https:\/\/artecuba.ch\/wp-content\/uploads\/2019\/06\/@181033.diosdado-600x452.jpg 600w, https:\/\/artecuba.ch\/wp-content\/uploads\/2019\/06\/@181033.diosdado.jpg 1025w\" sizes=\"auto, (max-width: 300px) 100vw, 300px\" \/><figcaption id=\"caption-attachment-3280\" class=\"wp-caption-text\">181033.Diosdado<\/figcaption><\/figure>\n<figure id=\"attachment_3281\" aria-describedby=\"caption-attachment-3281\" style=\"width: 290px\" class=\"wp-caption alignleft\"><img loading=\"lazy\" decoding=\"async\" class=\"wp-image-3281 size-medium\" src=\"https:\/\/artecuba.ch\/wp-content\/uploads\/2019\/06\/@181034.diosdado-300x228.jpg\" alt=\"\" width=\"300\" height=\"228\" srcset=\"https:\/\/artecuba.ch\/wp-content\/uploads\/2019\/06\/@181034.diosdado-300x228.jpg 300w, https:\/\/artecuba.ch\/wp-content\/uploads\/2019\/06\/@181034.diosdado-768x584.jpg 768w, https:\/\/artecuba.ch\/wp-content\/uploads\/2019\/06\/@181034.diosdado-1024x778.jpg 1024w, https:\/\/artecuba.ch\/wp-content\/uploads\/2019\/06\/@181034.diosdado-600x456.jpg 600w, https:\/\/artecuba.ch\/wp-content\/uploads\/2019\/06\/@181034.diosdado.jpg 1025w\" sizes=\"auto, (max-width: 300px) 100vw, 300px\" \/><figcaption id=\"caption-attachment-3281\" class=\"wp-caption-text\">181034.Diosdado<\/figcaption><\/figure>\n<figure id=\"attachment_3282\" aria-describedby=\"caption-attachment-3282\" style=\"width: 189px\" class=\"wp-caption alignleft\"><img loading=\"lazy\" decoding=\"async\" class=\"wp-image-3282 size-medium\" src=\"https:\/\/artecuba.ch\/wp-content\/uploads\/2019\/06\/@181035.diosdado-199x300.jpg\" alt=\"\" width=\"199\" height=\"300\" srcset=\"https:\/\/artecuba.ch\/wp-content\/uploads\/2019\/06\/@181035.diosdado-199x300.jpg 199w, https:\/\/artecuba.ch\/wp-content\/uploads\/2019\/06\/@181035.diosdado-768x1158.jpg 768w, https:\/\/artecuba.ch\/wp-content\/uploads\/2019\/06\/@181035.diosdado-679x1024.jpg 679w, https:\/\/artecuba.ch\/wp-content\/uploads\/2019\/06\/@181035.diosdado-600x905.jpg 600w, https:\/\/artecuba.ch\/wp-content\/uploads\/2019\/06\/@181035.diosdado.jpg 1025w\" sizes=\"auto, (max-width: 199px) 100vw, 199px\" \/><figcaption id=\"caption-attachment-3282\" class=\"wp-caption-text\">181035.Diosdado<\/figcaption><\/figure>\n<figure id=\"attachment_3283\" aria-describedby=\"caption-attachment-3283\" style=\"width: 189px\" class=\"wp-caption alignleft\"><img loading=\"lazy\" decoding=\"async\" class=\"wp-image-3283 size-medium\" src=\"https:\/\/artecuba.ch\/wp-content\/uploads\/2019\/06\/@181036.diosdado-199x300.jpg\" alt=\"\" width=\"199\" height=\"300\" srcset=\"https:\/\/artecuba.ch\/wp-content\/uploads\/2019\/06\/@181036.diosdado-199x300.jpg 199w, https:\/\/artecuba.ch\/wp-content\/uploads\/2019\/06\/@181036.diosdado-768x1161.jpg 768w, https:\/\/artecuba.ch\/wp-content\/uploads\/2019\/06\/@181036.diosdado-678x1024.jpg 678w, https:\/\/artecuba.ch\/wp-content\/uploads\/2019\/06\/@181036.diosdado-600x907.jpg 600w, https:\/\/artecuba.ch\/wp-content\/uploads\/2019\/06\/@181036.diosdado.jpg 1025w\" sizes=\"auto, (max-width: 199px) 100vw, 199px\" \/><figcaption id=\"caption-attachment-3283\" class=\"wp-caption-text\">181036.Diosdado<\/figcaption><\/figure>\n<figure id=\"attachment_3284\" aria-describedby=\"caption-attachment-3284\" style=\"width: 192px\" class=\"wp-caption alignleft\"><img loading=\"lazy\" decoding=\"async\" class=\"wp-image-3284 size-medium\" src=\"https:\/\/artecuba.ch\/wp-content\/uploads\/2019\/06\/@181037.diosdado-202x300.jpg\" alt=\"\" width=\"202\" height=\"300\" srcset=\"https:\/\/artecuba.ch\/wp-content\/uploads\/2019\/06\/@181037.diosdado-202x300.jpg 202w, https:\/\/artecuba.ch\/wp-content\/uploads\/2019\/06\/@181037.diosdado-768x1142.jpg 768w, https:\/\/artecuba.ch\/wp-content\/uploads\/2019\/06\/@181037.diosdado-689x1024.jpg 689w, https:\/\/artecuba.ch\/wp-content\/uploads\/2019\/06\/@181037.diosdado-600x892.jpg 600w, https:\/\/artecuba.ch\/wp-content\/uploads\/2019\/06\/@181037.diosdado.jpg 1025w\" sizes=\"auto, (max-width: 202px) 100vw, 202px\" \/><figcaption id=\"caption-attachment-3284\" class=\"wp-caption-text\">181037.Diosdado<\/figcaption><\/figure>","protected":false},"excerpt":{"rendered":"<div class=\"fl-module fl-module-rich-text fl-node-5a4e3795f2c93\" data-node=\"5a4e3795f2c93\">\n<div class=\"fl-module-content fl-node-content\">\n<div class=\"fl-rich-text\">\n<div class=\"fl-module fl-module-rich-text fl-node-5a4e3795f390b\" data-node=\"5a4e3795f390b\" data-parent=\"5a4e3795f30cc\" data-type=\"rich-text\" data-name=\"Texteditor\">\n<div class=\"fl-module-content fl-node-content\">\n<div class=\"fl-rich-text\">\n<div class=\"fl-module fl-module-rich-text fl-node-5a4e3795f338a\" data-node=\"5a4e3795f338a\" data-parent=\"5a4e3795f30cc\" data-type=\"rich-text\" data-name=\"Texteditor\">\n<div class=\"fl-module-content fl-node-content\">\n<div class=\"fl-rich-text\">\n<p><b>Diosdado<br \/>\n<\/b><i>Americanos en la Habana,\u00a0<\/i>2018<br \/>\nFotograf\u00eda post-procesada en papel fotogr\u00e1fico<br \/>\n40 x 30 cm<\/p>\n<p>Al hacer el pedido, indique (en el formulario de pedido de la tienda) el n\u00famero o los n\u00fameros de la imagen, por ejemplo, 181033 (v\u00e9ase m\u00e1s abajo en la descripci\u00f3n). Precio por foto. Adem\u00e1s hay un costo de env\u00edo \u00fanico.<\/p>\n<\/div>\n<\/div>\n<\/div>\n<\/div>\n<\/div>\n<\/div>\n<\/div>\n<\/div>\n<\/div>","protected":false},"featured_media":2981,"template":"","meta":{"generate_page_header":""},"product_brand":[],"product_cat":[58,93,50,66],"product_tag":[],"class_list":{"0":"post-3779","1":"product","2":"type-product","3":"status-publish","4":"has-post-thumbnail","6":"product_cat-fotografie","7":"product_cat-havanna","8":"product_cat-sammlungen","9":"product_cat-thema","10":"product_shipping_class-versand-bilder-bis-39-cm","12":"first","13":"instock","14":"sold-individually","15":"shipping-taxable","16":"purchasable","17":"product-type-simple"},"_links":{"self":[{"href":"https:\/\/artecuba.ch\/es\/wp-json\/wp\/v2\/product\/3779","targetHints":{"allow":["GET"]}}],"collection":[{"href":"https:\/\/artecuba.ch\/es\/wp-json\/wp\/v2\/product"}],"about":[{"href":"https:\/\/artecuba.ch\/es\/wp-json\/wp\/v2\/types\/product"}],"wp:featuredmedia":[{"embeddable":true,"href":"https:\/\/artecuba.ch\/es\/wp-json\/wp\/v2\/media\/2981"}],"wp:attachment":[{"href":"https:\/\/artecuba.ch\/es\/wp-json\/wp\/v2\/media?parent=3779"}],"wp:term":[{"taxonomy":"product_brand","embeddable":true,"href":"https:\/\/artecuba.ch\/es\/wp-json\/wp\/v2\/product_brand?post=3779"},{"taxonomy":"product_cat","embeddable":true,"href":"https:\/\/artecuba.ch\/es\/wp-json\/wp\/v2\/product_cat?post=3779"},{"taxonomy":"product_tag","embeddable":true,"href":"https:\/\/artecuba.ch\/es\/wp-json\/wp\/v2\/product_tag?post=3779"}],"curies":[{"name":"wp","href":"https:\/\/api.w.org\/{rel}","templated":true}]}}